{"id":841,"date":"2024-06-23T15:07:22","date_gmt":"2024-06-23T15:07:22","guid":{"rendered":"https:\/\/staging0.vidya.org\/?page_id=841"},"modified":"2024-06-23T16:08:39","modified_gmt":"2024-06-23T16:08:39","slug":"home","status":"publish","type":"page","link":"https:\/\/staging0.vidya.org\/","title":{"rendered":"Home"},"content":{"rendered":"\t\t<div data-elementor-type=\"wp-page\" data-elementor-id=\"841\" class=\"elementor elementor-841\" data-elementor-post-type=\"page\">\n\t\t\t\t<div class=\"elementor-element elementor-element-cd7e4eb e-flex e-con-boxed e-con e-parent\" data-id=\"cd7e4eb\" data-element_type=\"container\">\n\t\t\t\t\t<div class=\"e-con-inner\">\n\t\t<div class=\"elementor-element elementor-element-04f31cf e-con-full e-flex e-con e-child\" data-id=\"04f31cf\" data-element_type=\"container\">\n\t\t\t\t<div class=\"elementor-element elementor-element-29e15ae elementor-widget elementor-widget-heading\" data-id=\"29e15ae\" data-element_type=\"widget\" data-widget_type=\"heading.default\">\n\t\t\t\t<div class=\"elementor-widget-container\">\n\t\t\t\t\t<h1 class=\"elementor-heading-title elementor-size-default\">Vidya Bharata<\/h1>\t\t\t\t<\/div>\n\t\t\t\t<\/div>\n\t\t\t\t<div class=\"elementor-element elementor-element-65d49fa elementor-widget elementor-widget-text-editor\" data-id=\"65d49fa\" data-element_type=\"widget\" data-widget_type=\"text-editor.default\">\n\t\t\t\t<div class=\"elementor-widget-container\">\n\t\t\t\t\t\t\t\t\t<p>Vidya Bharata nasce in Italia, ispirandosi a Raphael, con lo scopo di offrire e condividere note e spunti di riflessione sulla Conoscenza tradizionale o Philosophia Perennis e si riallaccia perci\u00f2 alle opere del Advaita Vedanta da Gaudapada e Shankara e, per quanto riguarda l&#8217;Occidente, all&#8217;Orfismo, Platonismo, Neoplatonismo, Ermetismo, e Qabbalah.<\/p><p>La parola sanscrita &#8220;vidya&#8221; significa conoscenza, gn\u00f4sis, sophia. La parola sanscrita &#8220;bharata&#8221; indica le terre e i popoli dell&#8217;India. Abbiamo scelto questa denominazione perch\u00e9 questo sito \u00e8 aperto a tutti coloro che si interessano non della conoscenza eruditiva e di accumulo, propria della mente distintivo-analitica (manas), ma di quella che concerne l&#8217;universale e il principiale o l&#8217;Essere. Essa \u00e8 quindi una &#8220;Filosofia dell&#8217;Essere&#8221; nel senso pi\u00f9 vero del termine, rendendo omaggio ai lignaggi tradizionali che provengono dall&#8217;India.<\/p><p>Il simbolo di Vidya Bharata mostra la possibilit\u00e0 di attraversare il mare del continuo divenire della contingenza o samsara attraverso la Conoscenza che permette &#8220;di rimettere le ali e volare verso la Libert\u00e0&#8221;.<\/p><p>All&#8217;universale si accede non con la mente discorsiva ma con una facolt\u00e0 superiore che, come dice Plotino, \u00abtutti hanno ma ben pochi usano\u00bb: il no\u00fbs-intelletto della tradizione platonica o la buddhi per il Vedanta. La conoscenza che vorremmo proporre e condividere \u00e8 quindi di ordine &#8220;tradizionale&#8221; vale a dire che origina dal Principio, dall\u2019Essere stesso e come tale \u00e8 di ordine non-umano. Inoltre, essa \u00e8 &#8220;una e una sola&#8221; e perci\u00f2 non \u00e8 appannaggio di un popolo o di un&#8217;epoca determinati.<br \/>L&#8217;Associazione, nello spirito della pi\u00f9 pura Tradizione conoscitiva sia dell&#8217;Oriente che dell&#8217;Occidente, rifugge da qualsiasi opera di proselitismo e di convincimento mentale-manasico, mentre \u00e8 aperta a tutte quelle note che possano chiarire aspetti della conoscenza tradizionale e che fungano da elementi di &#8220;persuasione&#8221; intesa nel senso platonico di intimo riconoscimento di verit\u00e0. Tale &#8220;persuasione&#8221; \u00e8 perci\u00f2 opera della facolt\u00e0 noetica nell&#8217;uomo (e non di quella mentale) e in quanto tale \u00e8 scevra da qualsiasi forma di settarismo, distinzione, contrapposizione, autoaffermazione. La sua modalit\u00e0 \u00e8 quella del dialogo e della compartecipazione di cuore tese allo svelamento della verit\u00e0-realt\u00e0 e solo di quella.<br \/>Chiunque senta il richiamo della Conoscenza tradizionale e l&#8217;esigenza di approfondirne il significato e la portata nella propria vita pu\u00f2 senz&#8217;altro unirsi alle azioni condotte con gioiosa e serena partecipazione.<\/p><p>Vidya Bharata \u00e8 in contatto con varie autorevoli Istituzioni dell&#8217;India come il Ramakrishna Movement (Math e Mission) fondati da Swami Vivekananda, il Ramanasramam sorto intorno al Saggio Ramana Maharsi, il Math-cenobio di Ka\u00f1ci e quello di Sringeri fondati da Shankara nell&#8217;ottavo secolo d.C e tutt&#8217;ora molto attivi.<\/p><p>E&#8217; in contatto con il Centre V\u00e9dantique Ramakrishna di Gretz in Francia, rappresentante principale del Ramakrishna Movement in Europa, con incontri periodici di meditazione e scambio di esperienze sia in Italia che in Francia.<\/p><p>Ha fondato l&#8217;Associazione Italiana Ramakrishna Math in Italia e ha curato gli incontri e l&#8217;introduzione dei monaci del Ramakrishna Math, dando l&#8217;opportunit\u00e0 a coloro che in Italia fossero interessati, di conoscerne le finalit\u00e0 e a collaborare nelle attivit\u00e0 spirituali e pratiche sotto il diretto controllo del Ramakrishna Mission.<\/p><p>Ha fondato l&#8217;Associazione Ramana Maharshi, vicina al Ramanasramam di Tiruvannamalai, per dare l&#8217;opportunit\u00e0 a coloro che ne fossero interessati di studiare e approfondire l&#8217;insegnamento filosofico di Ramana Maharshi e di ricevere informazioni sul Ramanasramam.<\/p><p>Si \u00e8 adoperata in passato per tradurre e presentare su questo sito la Rivista &#8220;Tattvaloka&#8221; pubblicata dal Math di Sringeri, della Rivista &#8220;The Mountain Path&#8221; pubblicata dal Ramanasramam e della Rivista &#8220;Vedanta&#8221; pubblicata dal Ramakrishna Mission francese. L&#8217;esperienza di traduzione ha portato a fondare e curare il periodico mensile Vedanta che viene inviato gratuitamente per email a tutti coloro che ne fanno richiesta. Il periodico propone articoli inediti sulla metafisica tradizionale, avendo come esempio e ispirazione il periodico Vidya inviato per posta cartacea, e le riviste sopracitate.<\/p><p>Ha fondato e cura il settimanale Quaderno Advaita &amp; Vedanta che viene inviato gratuitamente per email a tutti coloro che ne fanno richiesta. Il periodico propone argomenti tematici nelle parole di grandi maestri, traduzioni e semi riflessivi vari.<\/p><p>Ha fondato e cura la rivista trimestrale La Via della Montagna che viene inviata gratuitamente per email a tutti coloro che ne fanno richiesta. La rivista \u00e8 dedicata all&#8217;insegnamento e alla figura di Ramana Maharshi.<\/p><p>Si adopera per tradurre e pubblicare in Italia, attraverso le Edizioni de &#8220;I Pitagorici&#8221; create per questo scopo, opere di Istruttori e Maestri spirituali sia dell&#8217;Oriente che dell&#8217;Occidente.<\/p>\t\t\t\t\t\t\t\t<\/div>\n\t\t\t\t<\/div>\n\t\t\t\t<\/div>\n\t\t<div class=\"elementor-element elementor-element-b16f86f e-con-full e-flex e-con e-child\" data-id=\"b16f86f\" data-element_type=\"container\">\n\t\t\t\t<div class=\"elementor-element elementor-element-656d222 elementor-widget elementor-widget-heading\" data-id=\"656d222\" data-element_type=\"widget\" data-widget_type=\"heading.default\">\n\t\t\t\t<div class=\"elementor-widget-container\">\n\t\t\t\t\t<h3 class=\"elementor-heading-title elementor-size-default\">Quaderni Advaita<\/h3>\t\t\t\t<\/div>\n\t\t\t\t<\/div>\n\t\t\t\t<div class=\"elementor-element elementor-element-931ec02 elementor-widget elementor-widget-text-editor\" data-id=\"931ec02\" data-element_type=\"widget\" data-widget_type=\"text-editor.default\">\n\t\t\t\t<div class=\"elementor-widget-container\">\n\t\t\t\t\t\t\t\t\t<p>Il Quaderno Advaita Vedanta \u00e8 una monografia mensile che riporta testimonianze e brani ispirati alla Philosophia perennis o Metafisica tradizionale.<br \/>Le monografie sono traduzioni originali, solitamente inedite in lingua italiana, o riflessioni prevalentemente sull&#8217;Advaita (non-dualit\u00e0) o sul Vedanta.<\/p>\t\t\t\t\t\t\t\t<\/div>\n\t\t\t\t<\/div>\n\t\t\t\t<div class=\"elementor-element elementor-element-33bebaf elementor-grid-1 elementor-grid-tablet-1 elementor-grid-mobile-1 elementor-posts--thumbnail-top elementor-widget elementor-widget-posts\" data-id=\"33bebaf\" data-element_type=\"widget\" data-settings=\"{&quot;classic_columns&quot;:&quot;1&quot;,&quot;classic_columns_tablet&quot;:&quot;1&quot;,&quot;classic_row_gap&quot;:{&quot;unit&quot;:&quot;px&quot;,&quot;size&quot;:25,&quot;sizes&quot;:[]},&quot;classic_columns_mobile&quot;:&quot;1&quot;,&quot;classic_row_gap_tablet&quot;:{&quot;unit&quot;:&quot;px&quot;,&quot;size&quot;:&quot;&quot;,&quot;sizes&quot;:[]},&quot;classic_row_gap_mobile&quot;:{&quot;unit&quot;:&quot;px&quot;,&quot;size&quot;:&quot;&quot;,&quot;sizes&quot;:[]}}\" data-widget_type=\"posts.classic\">\n\t\t\t\t<div class=\"elementor-widget-container\">\n\t\t\t\t\t\t\t<div class=\"elementor-posts-container elementor-posts elementor-posts--skin-classic elementor-grid\" role=\"list\">\n\t\t\t\t<article class=\"elementor-post elementor-grid-item post-807 wpdmpro type-wpdmpro status-publish hentry wpdmcategory-quaderno\" role=\"listitem\">\n\t\t\t\t<div class=\"elementor-post__text\">\n\t\t\t\t<h3 class=\"elementor-post__title\">\n\t\t\t<a href=\"https:\/\/staging0.vidya.org\/index.php\/download\/228avq-semin-karma-1\/\" >\n\t\t\t\tQuaderno 228. Seminario sul karma 1\t\t\t<\/a>\n\t\t<\/h3>\n\t\t\t\t<div class=\"elementor-post__meta-data\">\n\t\t\t\t\t<span class=\"elementor-post-date\">\n\t\t\tGiugno 17, 2024\t\t<\/span>\n\t\t\t\t<\/div>\n\t\t\t\t<div class=\"elementor-post__excerpt\">\n\t\t\t<p>Seminario sul karma &#8211; Incontro con Bodhan\u0101nda<\/p>\n\t\t<\/div>\n\t\t\n\t\t<a class=\"elementor-post__read-more\" href=\"https:\/\/staging0.vidya.org\/index.php\/download\/228avq-semin-karma-1\/\" aria-label=\"Leggi tutto Quaderno 228. Seminario sul karma 1\" tabindex=\"-1\" >\n\t\t\tRead More \u00bb\t\t<\/a>\n\n\t\t\t\t<\/div>\n\t\t\t\t<\/article>\n\t\t\t\t<article class=\"elementor-post elementor-grid-item post-806 wpdmpro type-wpdmpro status-publish hentry wpdmcategory-quaderno\" role=\"listitem\">\n\t\t\t\t<div class=\"elementor-post__text\">\n\t\t\t\t<h3 class=\"elementor-post__title\">\n\t\t\t<a href=\"https:\/\/staging0.vidya.org\/index.php\/download\/227avq-sankara-vedantra\/\" >\n\t\t\t\tQuaderno 227. Sankara e il Vedanta\t\t\t<\/a>\n\t\t<\/h3>\n\t\t\t\t<div class=\"elementor-post__meta-data\">\n\t\t\t\t\t<span class=\"elementor-post-date\">\n\t\t\tMaggio 17, 2024\t\t<\/span>\n\t\t\t\t<\/div>\n\t\t\t\t<div class=\"elementor-post__excerpt\">\n\t\t\t<p>\u201c\u015aa\u1e45kara e il Ved\u0101nta\u201d del professor Paul Martin-Dubost.&nbsp;<\/p>\n\t\t<\/div>\n\t\t\n\t\t<a class=\"elementor-post__read-more\" href=\"https:\/\/staging0.vidya.org\/index.php\/download\/227avq-sankara-vedantra\/\" aria-label=\"Leggi tutto Quaderno 227. Sankara e il Vedanta\" tabindex=\"-1\" >\n\t\t\tRead More \u00bb\t\t<\/a>\n\n\t\t\t\t<\/div>\n\t\t\t\t<\/article>\n\t\t\t\t<article class=\"elementor-post elementor-grid-item post-805 wpdmpro type-wpdmpro status-publish hentry wpdmcategory-quaderno\" role=\"listitem\">\n\t\t\t\t<div class=\"elementor-post__text\">\n\t\t\t\t<h3 class=\"elementor-post__title\">\n\t\t\t<a href=\"https:\/\/staging0.vidya.org\/index.php\/download\/226avq-distacco-6-parte\/\" >\n\t\t\t\tQuaderno 226. Il Distacco VI\t\t\t<\/a>\n\t\t<\/h3>\n\t\t\t\t<div class=\"elementor-post__meta-data\">\n\t\t\t\t\t<span class=\"elementor-post-date\">\n\t\t\tAprile 17, 2024\t\t<\/span>\n\t\t\t\t<\/div>\n\t\t\t\t<div class=\"elementor-post__excerpt\">\n\t\t\t<p>Dialogo con Raphael &#8211; Il distacco &#8211; Parte 6<\/p>\n\t\t<\/div>\n\t\t\n\t\t<a class=\"elementor-post__read-more\" href=\"https:\/\/staging0.vidya.org\/index.php\/download\/226avq-distacco-6-parte\/\" aria-label=\"Leggi tutto Quaderno 226. Il Distacco VI\" tabindex=\"-1\" >\n\t\t\tRead More \u00bb\t\t<\/a>\n\n\t\t\t\t<\/div>\n\t\t\t\t<\/article>\n\t\t\t\t<\/div>\n\t\t\n\t\t\t\t\t\t<\/div>\n\t\t\t\t<\/div>\n\t\t\t\t<div class=\"elementor-element elementor-element-711b2e6 elementor-widget-divider--view-line elementor-widget elementor-widget-divider\" data-id=\"711b2e6\" data-element_type=\"widget\" data-widget_type=\"divider.default\">\n\t\t\t\t<div class=\"elementor-widget-container\">\n\t\t\t\t\t\t\t<div class=\"elementor-divider\">\n\t\t\t<span class=\"elementor-divider-separator\">\n\t\t\t\t\t\t<\/span>\n\t\t<\/div>\n\t\t\t\t\t\t<\/div>\n\t\t\t\t<\/div>\n\t\t\t\t<div class=\"elementor-element elementor-element-d894d69 elementor-widget elementor-widget-heading\" data-id=\"d894d69\" data-element_type=\"widget\" data-widget_type=\"heading.default\">\n\t\t\t\t<div class=\"elementor-widget-container\">\n\t\t\t\t\t<h3 class=\"elementor-heading-title elementor-size-default\">Periodico Vedanta<\/h3>\t\t\t\t<\/div>\n\t\t\t\t<\/div>\n\t\t\t\t<div class=\"elementor-element elementor-element-7a71b13 elementor-widget elementor-widget-text-editor\" data-id=\"7a71b13\" data-element_type=\"widget\" data-widget_type=\"text-editor.default\">\n\t\t\t\t<div class=\"elementor-widget-container\">\n\t\t\t\t\t\t\t\t\tVedanta \u00e8 un periodico mensile on line, nato come omaggio al periodico Vidya da cui trae ispirazione, che cerca di portare ai suoi lettori degli scritti che si riallacciano alla Philosophia perennis o Metafisica tradizionale il cui intento \u00e8 essenzialmente realizzativo.\t\t\t\t\t\t\t\t<\/div>\n\t\t\t\t<\/div>\n\t\t\t\t<div class=\"elementor-element elementor-element-1531ad2 elementor-grid-1 elementor-grid-tablet-1 elementor-grid-mobile-1 elementor-posts--thumbnail-top elementor-widget elementor-widget-posts\" data-id=\"1531ad2\" data-element_type=\"widget\" data-settings=\"{&quot;classic_columns&quot;:&quot;1&quot;,&quot;classic_columns_tablet&quot;:&quot;1&quot;,&quot;classic_row_gap&quot;:{&quot;unit&quot;:&quot;px&quot;,&quot;size&quot;:25,&quot;sizes&quot;:[]},&quot;classic_columns_mobile&quot;:&quot;1&quot;,&quot;classic_row_gap_tablet&quot;:{&quot;unit&quot;:&quot;px&quot;,&quot;size&quot;:&quot;&quot;,&quot;sizes&quot;:[]},&quot;classic_row_gap_mobile&quot;:{&quot;unit&quot;:&quot;px&quot;,&quot;size&quot;:&quot;&quot;,&quot;sizes&quot;:[]}}\" data-widget_type=\"posts.classic\">\n\t\t\t\t<div class=\"elementor-widget-container\">\n\t\t\t\t\t\t\t<div class=\"elementor-posts-container elementor-posts elementor-posts--skin-classic elementor-grid\" role=\"list\">\n\t\t\t\t<article class=\"elementor-post elementor-grid-item post-719 wpdmpro type-wpdmpro status-publish hentry wpdmcategory-vedanta\" role=\"listitem\">\n\t\t\t\t<div class=\"elementor-post__text\">\n\t\t\t\t<h3 class=\"elementor-post__title\">\n\t\t\t<a href=\"https:\/\/staging0.vidya.org\/index.php\/download\/vedanta-39\/\" >\n\t\t\t\tVedanta N. 39\t\t\t<\/a>\n\t\t<\/h3>\n\t\t\t\t<div class=\"elementor-post__meta-data\">\n\t\t\t\t\t<span class=\"elementor-post-date\">\n\t\t\tDicembre 6, 2017\t\t<\/span>\n\t\t\t\t<\/div>\n\t\t\n\t\t<a class=\"elementor-post__read-more\" href=\"https:\/\/staging0.vidya.org\/index.php\/download\/vedanta-39\/\" aria-label=\"Leggi tutto Vedanta N. 39\" tabindex=\"-1\" >\n\t\t\tRead More \u00bb\t\t<\/a>\n\n\t\t\t\t<\/div>\n\t\t\t\t<\/article>\n\t\t\t\t<article class=\"elementor-post elementor-grid-item post-702 wpdmpro type-wpdmpro status-publish hentry wpdmcategory-vedanta\" role=\"listitem\">\n\t\t\t\t<div class=\"elementor-post__text\">\n\t\t\t\t<h3 class=\"elementor-post__title\">\n\t\t\t<a href=\"https:\/\/staging0.vidya.org\/index.php\/download\/vedanta-38s\/\" >\n\t\t\t\tVedanta N. 38s\t\t\t<\/a>\n\t\t<\/h3>\n\t\t\t\t<div class=\"elementor-post__meta-data\">\n\t\t\t\t\t<span class=\"elementor-post-date\">\n\t\t\tNovembre 2, 2016\t\t<\/span>\n\t\t\t\t<\/div>\n\t\t\n\t\t<a class=\"elementor-post__read-more\" href=\"https:\/\/staging0.vidya.org\/index.php\/download\/vedanta-38s\/\" aria-label=\"Leggi tutto Vedanta N. 38s\" tabindex=\"-1\" >\n\t\t\tRead More \u00bb\t\t<\/a>\n\n\t\t\t\t<\/div>\n\t\t\t\t<\/article>\n\t\t\t\t<article class=\"elementor-post elementor-grid-item post-701 wpdmpro type-wpdmpro status-publish hentry wpdmcategory-vedanta\" role=\"listitem\">\n\t\t\t\t<div class=\"elementor-post__text\">\n\t\t\t\t<h3 class=\"elementor-post__title\">\n\t\t\t<a href=\"https:\/\/staging0.vidya.org\/index.php\/download\/vedanta-38\/\" >\n\t\t\t\tVedanta N. 38\t\t\t<\/a>\n\t\t<\/h3>\n\t\t\t\t<div class=\"elementor-post__meta-data\">\n\t\t\t\t\t<span class=\"elementor-post-date\">\n\t\t\tNovembre 2, 2016\t\t<\/span>\n\t\t\t\t<\/div>\n\t\t\n\t\t<a class=\"elementor-post__read-more\" href=\"https:\/\/staging0.vidya.org\/index.php\/download\/vedanta-38\/\" aria-label=\"Leggi tutto Vedanta N. 38\" tabindex=\"-1\" >\n\t\t\tRead More \u00bb\t\t<\/a>\n\n\t\t\t\t<\/div>\n\t\t\t\t<\/article>\n\t\t\t\t<\/div>\n\t\t\n\t\t\t\t\t\t<\/div>\n\t\t\t\t<\/div>\n\t\t\t\t<div class=\"elementor-element elementor-element-e34919b elementor-widget-divider--view-line elementor-widget elementor-widget-divider\" data-id=\"e34919b\" data-element_type=\"widget\" data-widget_type=\"divider.default\">\n\t\t\t\t<div class=\"elementor-widget-container\">\n\t\t\t\t\t\t\t<div class=\"elementor-divider\">\n\t\t\t<span class=\"elementor-divider-separator\">\n\t\t\t\t\t\t<\/span>\n\t\t<\/div>\n\t\t\t\t\t\t<\/div>\n\t\t\t\t<\/div>\n\t\t\t\t<div class=\"elementor-element elementor-element-6947f00 elementor-widget elementor-widget-heading\" data-id=\"6947f00\" data-element_type=\"widget\" data-widget_type=\"heading.default\">\n\t\t\t\t<div class=\"elementor-widget-container\">\n\t\t\t\t\t<h3 class=\"elementor-heading-title elementor-size-default\">Periodico Vidya<\/h3>\t\t\t\t<\/div>\n\t\t\t\t<\/div>\n\t\t\t\t<div class=\"elementor-element elementor-element-28899e4 elementor-widget elementor-widget-text-editor\" data-id=\"28899e4\" data-element_type=\"widget\" data-widget_type=\"text-editor.default\">\n\t\t\t\t<div class=\"elementor-widget-container\">\n\t\t\t\t\t\t\t\t\tVidya \u00e8 un periodico mensile che con i suoi scritti si riallaccia alla Philosophia perennis o Metafisica tradizionale il cui intento \u00e8 essenzialmente realizzativo.\nLa parola Vidya, dal sanscrito, vuol dire conoscenza, sapienza, scienza, e deriva dalla radice vid (da cui Veda) che significa &#8220;vedere&#8221;, &#8220;sapere&#8221;.\t\t\t\t\t\t\t\t<\/div>\n\t\t\t\t<\/div>\n\t\t\t\t<div class=\"elementor-element elementor-element-aad1caa elementor-grid-1 elementor-grid-tablet-1 elementor-grid-mobile-1 elementor-posts--thumbnail-top elementor-widget elementor-widget-posts\" data-id=\"aad1caa\" data-element_type=\"widget\" data-settings=\"{&quot;classic_columns&quot;:&quot;1&quot;,&quot;classic_columns_tablet&quot;:&quot;1&quot;,&quot;classic_row_gap&quot;:{&quot;unit&quot;:&quot;px&quot;,&quot;size&quot;:25,&quot;sizes&quot;:[]},&quot;classic_columns_mobile&quot;:&quot;1&quot;,&quot;classic_row_gap_tablet&quot;:{&quot;unit&quot;:&quot;px&quot;,&quot;size&quot;:&quot;&quot;,&quot;sizes&quot;:[]},&quot;classic_row_gap_mobile&quot;:{&quot;unit&quot;:&quot;px&quot;,&quot;size&quot;:&quot;&quot;,&quot;sizes&quot;:[]}}\" data-widget_type=\"posts.classic\">\n\t\t\t\t<div class=\"elementor-widget-container\">\n\t\t\t\t\t\t\t<div class=\"elementor-posts-container elementor-posts elementor-posts--skin-classic elementor-grid\" role=\"list\">\n\t\t\t\t<article class=\"elementor-post elementor-grid-item post-492 post type-post status-publish format-standard hentry category-vidya\" role=\"listitem\">\n\t\t\t\t<div class=\"elementor-post__text\">\n\t\t\t\t<h3 class=\"elementor-post__title\">\n\t\t\t<a href=\"https:\/\/staging0.vidya.org\/index.php\/2021\/01\/11\/vidya-luglio-agosto-1980-disponibilita\/\" >\n\t\t\t\tVidya &#8211; Luglio-Agosto 1980 &#8211; Disponibilit\u00e0\t\t\t<\/a>\n\t\t<\/h3>\n\t\t\t\t<div class=\"elementor-post__meta-data\">\n\t\t\t\t\t<span class=\"elementor-post-date\">\n\t\t\tGennaio 11, 2021\t\t<\/span>\n\t\t\t\t<\/div>\n\t\t\n\t\t<a class=\"elementor-post__read-more\" href=\"https:\/\/staging0.vidya.org\/index.php\/2021\/01\/11\/vidya-luglio-agosto-1980-disponibilita\/\" aria-label=\"Leggi tutto Vidya &#8211; Luglio-Agosto 1980 &#8211; Disponibilit\u00e0\" tabindex=\"-1\" >\n\t\t\tRead More \u00bb\t\t<\/a>\n\n\t\t\t\t<\/div>\n\t\t\t\t<\/article>\n\t\t\t\t<article class=\"elementor-post elementor-grid-item post-491 post type-post status-publish format-standard hentry category-vidya\" role=\"listitem\">\n\t\t\t\t<div class=\"elementor-post__text\">\n\t\t\t\t<h3 class=\"elementor-post__title\">\n\t\t\t<a href=\"https:\/\/staging0.vidya.org\/index.php\/2021\/01\/07\/vidya-febbraio-1974-disponibilita\/\" >\n\t\t\t\tVidya &#8211; Febbraio 1974 &#8211; Disponibilit\u00e0\t\t\t<\/a>\n\t\t<\/h3>\n\t\t\t\t<div class=\"elementor-post__meta-data\">\n\t\t\t\t\t<span class=\"elementor-post-date\">\n\t\t\tGennaio 7, 2021\t\t<\/span>\n\t\t\t\t<\/div>\n\t\t\n\t\t<a class=\"elementor-post__read-more\" href=\"https:\/\/staging0.vidya.org\/index.php\/2021\/01\/07\/vidya-febbraio-1974-disponibilita\/\" aria-label=\"Leggi tutto Vidya &#8211; Febbraio 1974 &#8211; Disponibilit\u00e0\" tabindex=\"-1\" >\n\t\t\tRead More \u00bb\t\t<\/a>\n\n\t\t\t\t<\/div>\n\t\t\t\t<\/article>\n\t\t\t\t<article class=\"elementor-post elementor-grid-item post-490 post type-post status-publish format-standard hentry category-vidya\" role=\"listitem\">\n\t\t\t\t<div class=\"elementor-post__text\">\n\t\t\t\t<h3 class=\"elementor-post__title\">\n\t\t\t<a href=\"https:\/\/staging0.vidya.org\/index.php\/2020\/12\/31\/vidya-primo-numero-luglio-agosto-1973\/\" >\n\t\t\t\tVidya &#8211; Luglio-Agosto 1973 &#8211; Primo numero\t\t\t<\/a>\n\t\t<\/h3>\n\t\t\t\t<div class=\"elementor-post__meta-data\">\n\t\t\t\t\t<span class=\"elementor-post-date\">\n\t\t\tDicembre 31, 2020\t\t<\/span>\n\t\t\t\t<\/div>\n\t\t\n\t\t<a class=\"elementor-post__read-more\" href=\"https:\/\/staging0.vidya.org\/index.php\/2020\/12\/31\/vidya-primo-numero-luglio-agosto-1973\/\" aria-label=\"Leggi tutto Vidya &#8211; Luglio-Agosto 1973 &#8211; Primo numero\" tabindex=\"-1\" >\n\t\t\tRead More \u00bb\t\t<\/a>\n\n\t\t\t\t<\/div>\n\t\t\t\t<\/article>\n\t\t\t\t<\/div>\n\t\t\n\t\t\t\t\t\t<\/div>\n\t\t\t\t<\/div>\n\t\t\t\t<\/div>\n\t\t\t\t\t<\/div>\n\t\t\t\t<\/div>\n\t\t\t\t<\/div>\n\t\t","protected":false},"excerpt":{"rendered":"<p>Vidya Bharata Vidya Bharata nasce in Italia, ispirandosi a Raphael,<\/p>\n","protected":false},"author":3,"featured_media":0,"parent":0,"menu_order":0,"comment_status":"closed","ping_status":"closed","template":"","meta":{"_acf_changed":false,"footnotes":""},"class_list":["post-841","page","type-page","status-publish","hentry"],"acf":[],"_links":{"self":[{"href":"https:\/\/staging0.vidya.org\/index.php\/wp-json\/wp\/v2\/pages\/841","targetHints":{"allow":["GET"]}}],"collection":[{"href":"https:\/\/staging0.vidya.org\/index.php\/wp-json\/wp\/v2\/pages"}],"about":[{"href":"https:\/\/staging0.vidya.org\/index.php\/wp-json\/wp\/v2\/types\/page"}],"author":[{"embeddable":true,"href":"https:\/\/staging0.vidya.org\/index.php\/wp-json\/wp\/v2\/users\/3"}],"replies":[{"embeddable":true,"href":"https:\/\/staging0.vidya.org\/index.php\/wp-json\/wp\/v2\/comments?post=841"}],"version-history":[{"count":37,"href":"https:\/\/staging0.vidya.org\/index.php\/wp-json\/wp\/v2\/pages\/841\/revisions"}],"predecessor-version":[{"id":894,"href":"https:\/\/staging0.vidya.org\/index.php\/wp-json\/wp\/v2\/pages\/841\/revisions\/894"}],"wp:attachment":[{"href":"https:\/\/staging0.vidya.org\/index.php\/wp-json\/wp\/v2\/media?parent=841"}],"curies":[{"name":"wp","href":"https:\/\/api.w.org\/{rel}","templated":true}]}}